{"id":134,"date":"2023-05-31T06:43:40","date_gmt":"2023-05-31T06:43:40","guid":{"rendered":"https:\/\/vectrum.eu\/?page_id=134"},"modified":"2024-04-12T06:22:20","modified_gmt":"2024-04-12T06:22:20","slug":"company-details","status":"publish","type":"page","link":"https:\/\/vectrum.eu\/index.php\/company-details\/","title":{"rendered":"Company details"},"content":{"rendered":"\n<div class=\"wp-block-cover alignfull is-light\" style=\"min-height:180px;aspect-ratio:unset;\"><span aria-hidden=\"true\" class=\"wp-block-cover__background has-nv-site-bg-background-color has-background-dim\"><\/span><img loading=\"lazy\" decoding=\"async\" width=\"1500\" height=\"1000\" class=\"wp-block-cover__image-background wp-image-98\" alt=\"\" src=\"https:\/\/vectrum.eu\/wp-content\/uploads\/2023\/05\/geometric-abstract-background-technology-concept-connecting-dots-design.jpg\" data-object-fit=\"cover\" srcset=\"https:\/\/vectrum.eu\/wp-content\/uploads\/2023\/05\/geometric-abstract-background-technology-concept-connecting-dots-design.jpg 1500w, https:\/\/vectrum.eu\/wp-content\/uploads\/2023\/05\/geometric-abstract-background-technology-concept-connecting-dots-design-300x200.jpg 300w, https:\/\/vectrum.eu\/wp-content\/uploads\/2023\/05\/geometric-abstract-background-technology-concept-connecting-dots-design-1024x683.jpg 1024w, https:\/\/vectrum.eu\/wp-content\/uploads\/2023\/05\/geometric-abstract-background-technology-concept-connecting-dots-design-768x512.jpg 768w, https:\/\/vectrum.eu\/wp-content\/uploads\/2023\/05\/geometric-abstract-background-technology-concept-connecting-dots-design-930x620.jpg 930w\" sizes=\"auto, (max-width: 1500px) 100vw, 1500px\" \/><div class=\"wp-block-cover__inner-container is-layout-flow wp-block-cover-is-layout-flow\">\n<div class=\"wp-block-group\"><div class=\"wp-block-group__inner-container is-layout-flow wp-block-group-is-layout-flow\">\n<h1 class=\"wp-block-heading has-text-align-left has-neve-text-color-color has-text-color\">Company details<\/h1>\n<\/div><\/div>\n<\/div><\/div>\n\n\n\n<div class=\"wp-block-cover alignfull\" style=\"min-height:600px;aspect-ratio:unset;\"><span aria-hidden=\"true\" class=\"wp-block-cover__background has-nv-light-bg-background-color has-background-dim-100 has-background-dim\"><\/span><div class=\"wp-block-cover__inner-container is-layout-flow wp-block-cover-is-layout-flow\">\n<div class=\"wp-block-group\"><div class=\"wp-block-group__inner-container is-layout-flow wp-block-group-is-layout-flow\">\n<div style=\"height:80px\" aria-hidden=\"true\" class=\"wp-block-spacer\"><\/div>\n\n\n\n<div class=\"wp-block-columns is-layout-flex wp-container-core-columns-is-layout-9d6595d7 wp-block-columns-is-layout-flex\">\n<div class=\"wp-block-column is-vertically-aligned-center is-layout-flow wp-block-column-is-layout-flow\" style=\"flex-basis:50%\">\t\t<div id=\"wpmapblock_2c529668\" data-settings='{&quot;map_marker&quot;:[{&quot;lat&quot;:&quot;59.4105545&quot;,&quot;lng&quot;:&quot;24.645150731855743&quot;,&quot;title&quot;:&quot;&quot;,&quot;content&quot;:&quot;&quot;,&quot;iconType&quot;:&quot;default&quot;,&quot;customIconUrl&quot;:&quot;&quot;,&quot;customIconWidth&quot;:&quot;25&quot;,&quot;customIconHeight&quot;:&quot;40&quot;},{&quot;lat&quot;:&quot;55.252275749999995&quot;,&quot;lng&quot;:&quot;24.756152434113297&quot;,&quot;title&quot;:&quot;UAB &amp;quot;DSMLIT&amp;quot;&quot;,&quot;content&quot;:&quot;&quot;,&quot;iconType&quot;:&quot;default&quot;,&quot;customIconUrl&quot;:&quot;&quot;,&quot;customIconWidth&quot;:&quot;25&quot;,&quot;customIconHeight&quot;:&quot;40&quot;}],&quot;map_zoom&quot;:10,&quot;scroll_wheel_zoom&quot;:false,&quot;map_type&quot;:&quot;GM&quot;,&quot;center_index&quot;:1}' class=\"wpmapblockrender\" style=\"\n\t\t\twidth: 100%;\n\t\t\theight: 500px;\n\t\t\"><\/div>\n        <\/div>\n\n\n\n<div class=\"wp-block-column is-vertically-aligned-center is-layout-flow wp-block-column-is-layout-flow\" style=\"flex-basis:50%\">\n<h3 class=\"wp-block-heading has-text-align-left has-neve-text-color-color has-text-color\">UAB &#8220;DSM LIT&#8221;<\/h3>\n\n\n\n<p class=\"has-neve-text-color-color has-text-color\">Address: Mindaugo str. 13 , Ukmerge, LT-20131, Lithuania<br>Warehouse: Pramones str. 2 Ukmerge, LT-20118, Lithuania<br>VAT No.: LT100006409015<br>Reg. No.: 302669085<br><\/p>\n\n\n\n<p class=\"has-neve-text-color-color has-text-color\">Tel.: +370 69999979<br>E-mail: info@dsmlit.lt<\/p>\n<\/div>\n<\/div>\n\n\n\n<div style=\"height:40px\" aria-hidden=\"true\" class=\"wp-block-spacer\"><\/div>\n<\/div><\/div>\n<\/div><\/div>\n\n\n\n<div class=\"wp-block-cover alignfull\"><span aria-hidden=\"true\" class=\"wp-block-cover__background has-nv-site-bg-background-color has-background-dim-100 has-background-dim\"><\/span><div class=\"wp-block-cover__inner-container is-layout-flow wp-block-cover-is-layout-flow\">\n<div class=\"wp-block-group\"><div class=\"wp-block-group__inner-container is-layout-flow wp-block-group-is-layout-flow\">\n<div style=\"height:80px\" aria-hidden=\"true\" class=\"wp-block-spacer\"><\/div>\n\n\n\n<div class=\"wp-block-columns is-layout-flex wp-container-core-columns-is-layout-9d6595d7 wp-block-columns-is-layout-flex\">\n<div class=\"wp-block-column is-vertically-aligned-center is-layout-flow wp-block-column-is-layout-flow\" style=\"flex-basis:100%\">\n<div class=\"wp-block-group\"><div class=\"wp-block-group__inner-container is-layout-constrained wp-block-group-is-layout-constrained\">\n<div class=\"wp-block-columns are-vertically-aligned-center is-layout-flex wp-container-core-columns-is-layout-9d6595d7 wp-block-columns-is-layout-flex\">\n<div class=\"wp-block-column is-vertically-aligned-center is-layout-flow wp-block-column-is-layout-flow\" style=\"flex-basis:50%\">\n<div class=\"wp-block-group\"><div class=\"wp-block-group__inner-container is-layout-constrained wp-block-group-is-layout-constrained\">\n<h3 class=\"wp-block-heading has-text-align-left has-neve-text-color-color has-text-color\">UAB &#8220;PA\u0160IL\u0116S TINKLAS&#8221;<\/h3>\n\n\n\n<p class=\"has-neve-text-color-color has-text-color\">Address: Mindaugo str. 13 , Ukmerge, LT-20131, Lithuania<br>VAT No.: LT100008090618<br>Reg. No. : 303160486<br><\/p>\n\n\n\n<p class=\"has-neve-text-color-color has-text-color\">Tel.: +370 65555582<br>Email: info@ptinklas.lt<\/p>\n<\/div><\/div>\n<\/div>\n\n\n\n<div class=\"wp-block-column is-vertically-aligned-center is-layout-flow wp-block-column-is-layout-flow\" style=\"flex-basis:50%\">\t\t<div id=\"wpmapblock_50c08b24\" data-settings='{&quot;map_marker&quot;:[{&quot;lat&quot;:&quot;55.252275749999995&quot;,&quot;lng&quot;:&quot;24.756152434113297&quot;,&quot;title&quot;:&quot;Mindaugo str. 13 , Ukmerge, LT-20131, Lithuania&quot;,&quot;content&quot;:&quot;&quot;,&quot;iconType&quot;:&quot;default&quot;,&quot;customIconUrl&quot;:&quot;&quot;,&quot;customIconWidth&quot;:&quot;25&quot;,&quot;customIconHeight&quot;:&quot;40&quot;}],&quot;map_zoom&quot;:10,&quot;scroll_wheel_zoom&quot;:false,&quot;map_type&quot;:&quot;GM&quot;,&quot;center_index&quot;:0}' class=\"wpmapblockrender\" style=\"\n\t\t\twidth: 100%;\n\t\t\theight: 500px;\n\t\t\"><\/div>\n        <\/div>\n<\/div>\n<\/div><\/div>\n<\/div>\n<\/div>\n\n\n\n<div style=\"height:40px\" aria-hidden=\"true\" class=\"wp-block-spacer\"><\/div>\n<\/div><\/div>\n<\/div><\/div>\n\n\n\n<div class=\"wp-block-cover alignfull\"><span aria-hidden=\"true\" class=\"wp-block-cover__background has-nv-light-bg-background-color has-background-dim-100 has-background-dim\"><\/span><div class=\"wp-block-cover__inner-container is-layout-flow wp-block-cover-is-layout-flow\">\n<div class=\"wp-block-group\"><div class=\"wp-block-group__inner-container is-layout-flow wp-block-group-is-layout-flow\">\n<div style=\"height:80px\" aria-hidden=\"true\" class=\"wp-block-spacer\"><\/div>\n\n\n\n<div class=\"wp-block-columns are-vertically-aligned-center is-layout-flex wp-container-core-columns-is-layout-9d6595d7 wp-block-columns-is-layout-flex\">\n<div class=\"wp-block-column is-vertically-aligned-center is-layout-flow wp-block-column-is-layout-flow\" style=\"flex-basis:50%\">\t\t<div id=\"wpmapblock_369a84a8\" data-settings='{&quot;map_marker&quot;:[{&quot;lat&quot;:&quot;59.4105545&quot;,&quot;lng&quot;:&quot;24.645150731855743&quot;,&quot;title&quot;:&quot;DSM Eesti O\\u00dc&quot;,&quot;content&quot;:&quot;&quot;,&quot;iconType&quot;:&quot;default&quot;,&quot;customIconUrl&quot;:&quot;&quot;,&quot;customIconWidth&quot;:&quot;25&quot;,&quot;customIconHeight&quot;:&quot;40&quot;}],&quot;map_zoom&quot;:10,&quot;scroll_wheel_zoom&quot;:false,&quot;map_type&quot;:&quot;GM&quot;,&quot;center_index&quot;:0}' class=\"wpmapblockrender\" style=\"\n\t\t\twidth: 100%;\n\t\t\theight: 500px;\n\t\t\"><\/div>\n        <\/div>\n\n\n\n<div class=\"wp-block-column is-vertically-aligned-center is-layout-flow wp-block-column-is-layout-flow\" style=\"flex-basis:50%\">\n<div style=\"height:20px\" aria-hidden=\"true\" class=\"wp-block-spacer\"><\/div>\n\n\n\n<h3 class=\"wp-block-heading has-text-align-left has-neve-text-color-color has-text-color\">DSM Eesti O\u00dc<\/h3>\n\n\n\n<p class=\"has-neve-text-color-color has-text-color\">Address: \u00d5ism\u00e4e tee 57A, Tallinn 13515, Estonia<br>Warehouse: \u00d5ism\u00e4e tee 57A, Tallinn 13515, Estonia<br>VAT No.: EE101485058<br>Reg. No.: 12168354<br><br>\u00a0<\/p>\n\n\n\n<p class=\"has-neve-text-color-color has-text-color\">Tel: +372 5622 4222<br>E-mail: info@mrf.ee<\/p>\n<\/div>\n<\/div>\n\n\n\n<div style=\"height:40px\" aria-hidden=\"true\" class=\"wp-block-spacer\"><\/div>\n<\/div><\/div>\n<\/div><\/div>\n\n\n\n<div class=\"wp-block-cover alignfull\"><span aria-hidden=\"true\" class=\"wp-block-cover__background has-nv-site-bg-background-color has-background-dim-100 has-background-dim\"><\/span><div class=\"wp-block-cover__inner-container is-layout-flow wp-block-cover-is-layout-flow\">\n<div class=\"wp-block-group\"><div class=\"wp-block-group__inner-container is-layout-flow wp-block-group-is-layout-flow\">\n<div style=\"height:80px\" aria-hidden=\"true\" class=\"wp-block-spacer\"><\/div>\n\n\n\n<div class=\"wp-block-columns is-layout-flex wp-container-core-columns-is-layout-9d6595d7 wp-block-columns-is-layout-flex\">\n<div class=\"wp-block-column is-vertically-aligned-center is-layout-flow wp-block-column-is-layout-flow\" style=\"flex-basis:100%\">\n<div class=\"wp-block-group\"><div class=\"wp-block-group__inner-container is-layout-constrained wp-block-group-is-layout-constrained\">\n<div class=\"wp-block-columns are-vertically-aligned-center is-layout-flex wp-container-core-columns-is-layout-9d6595d7 wp-block-columns-is-layout-flex\">\n<div class=\"wp-block-column is-vertically-aligned-center is-layout-flow wp-block-column-is-layout-flow\" style=\"flex-basis:50%\">\n<div class=\"wp-block-group\"><div class=\"wp-block-group__inner-container is-layout-constrained wp-block-group-is-layout-constrained\">\n<h3 class=\"wp-block-heading has-text-align-left has-neve-text-color-color has-text-color\">SIA &#8220;VECTRUM LAT&#8221;<\/h3>\n\n\n\n<p class=\"has-neve-text-color-color has-text-color\">Address: Noliktavu str. 2,DREILINI, Stopinu Distr. LV-2130, LATVIA<br>Warehouse: Strazdumuizas str. 78, RIGA, LV-1024, LATVIA<br>VAT No.: LV40003902919<br>Reg. No. : 40003902919<br><\/p>\n\n\n\n<p class=\"has-neve-text-color-color has-text-color\">Tel.: +371 29203400<br>Email: info@vectrum.eu<\/p>\n<\/div><\/div>\n<\/div>\n\n\n\n<div class=\"wp-block-column is-vertically-aligned-center is-layout-flow wp-block-column-is-layout-flow\" style=\"flex-basis:50%\">\t\t<div id=\"wpmapblock_67873976\" data-settings='{&quot;map_marker&quot;:[{&quot;lat&quot;:&quot;59.4105545&quot;,&quot;lng&quot;:&quot;24.645150731855743&quot;,&quot;title&quot;:&quot;\\u00d5ism\\u00e4e tee 57A, Tallinn 13515, Estonia&quot;,&quot;content&quot;:&quot;&quot;,&quot;iconType&quot;:&quot;default&quot;,&quot;customIconUrl&quot;:&quot;&quot;,&quot;customIconWidth&quot;:&quot;25&quot;,&quot;customIconHeight&quot;:&quot;40&quot;},{&quot;lat&quot;:&quot;56.9375061&quot;,&quot;lng&quot;:&quot;24.2344308&quot;,&quot;title&quot;:&quot;&quot;,&quot;content&quot;:&quot;&quot;,&quot;iconType&quot;:&quot;default&quot;,&quot;customIconUrl&quot;:&quot;&quot;,&quot;customIconWidth&quot;:&quot;25&quot;,&quot;customIconHeight&quot;:&quot;40&quot;},{&quot;lat&quot;:&quot;56.93789153559221&quot;,&quot;lng&quot;:&quot;24.234215426990943&quot;,&quot;title&quot;:&quot;SIA &amp;quot;VECTRUM LAT&amp;quot;&quot;,&quot;content&quot;:&quot;&quot;,&quot;iconType&quot;:&quot;default&quot;,&quot;customIconUrl&quot;:&quot;&quot;,&quot;customIconWidth&quot;:&quot;25&quot;,&quot;customIconHeight&quot;:&quot;40&quot;}],&quot;map_zoom&quot;:10,&quot;scroll_wheel_zoom&quot;:false,&quot;map_type&quot;:&quot;GM&quot;,&quot;center_index&quot;:2}' class=\"wpmapblockrender\" style=\"\n\t\t\twidth: 100%;\n\t\t\theight: 500px;\n\t\t\"><\/div>\n        <\/div>\n<\/div>\n<\/div><\/div>\n<\/div>\n<\/div>\n\n\n\n<div style=\"height:40px\" aria-hidden=\"true\" class=\"wp-block-spacer\"><\/div>\n<\/div><\/div>\n<\/div><\/div>\n\n\n\n<div class=\"wp-block-cover alignfull\" style=\"min-height:300px;aspect-ratio:unset;\"><span aria-hidden=\"true\" class=\"wp-block-cover__background has-nv-dark-bg-background-color has-background-dim-100 has-background-dim\"><\/span><div class=\"wp-block-cover__inner-container is-layout-flow wp-block-cover-is-layout-flow\">\n<div style=\"height:140px\" aria-hidden=\"true\" class=\"wp-block-spacer\"><\/div>\n\n\n\n<div class=\"wp-block-columns are-vertically-aligned-center is-layout-flex wp-container-core-columns-is-layout-9d6595d7 wp-block-columns-is-layout-flex\">\n<div class=\"wp-block-column is-vertically-aligned-center is-layout-flow wp-block-column-is-layout-flow\" style=\"flex-basis:66.66%\">\n<h2 class=\"wp-block-heading\" id=\"block-0a00392c-cba8-4a78-8e6a-fc400ac92406\">Let\u2019s work together on your<br>next project<\/h2>\n<\/div>\n\n\n\n<div class=\"wp-block-column is-vertically-aligned-center is-layout-flow wp-block-column-is-layout-flow\" style=\"flex-basis:33.33%\">\n<figure class=\"wp-block-image size-full is-resized\"><img loading=\"lazy\" decoding=\"async\" width=\"192\" height=\"43\" src=\"https:\/\/vectrum.eu\/wp-content\/uploads\/2023\/05\/logo.png\" alt=\"\" class=\"wp-image-31\" style=\"width:245px;height:55px\"\/><\/figure>\n\n\n\n<ul class=\"wp-block-list\">\n<li class=\"has-medium-font-size\">Tel.: +370 69999979<\/li>\n\n\n\n<li class=\"has-medium-font-size\">Tel.: +371 20555550<\/li>\n\n\n\n<li class=\"has-medium-font-size\">Tel.: +372 56224222<\/li>\n\n\n\n<li class=\"has-medium-font-size\">E-mail: info@vectrum.eu<\/li>\n<\/ul>\n<\/div>\n<\/div>\n\n\n\n<div style=\"height:140px\" aria-hidden=\"true\" class=\"wp-block-spacer\"><\/div>\n<\/div><\/div>\n","protected":false},"excerpt":{"rendered":"","protected":false},"author":1,"featured_media":0,"parent":0,"menu_order":0,"comment_status":"closed","ping_status":"closed","template":"","meta":{"neve_meta_sidebar":"","neve_meta_container":"","neve_meta_enable_content_width":"on","neve_meta_content_width":100,"neve_meta_title_alignment":"","neve_meta_author_avatar":"","neve_post_elements_order":"","neve_meta_disable_header":"","neve_meta_disable_footer":"","neve_meta_disable_title":"on","footnotes":""},"class_list":["post-134","page","type-page","status-publish","hentry"],"_links":{"self":[{"href":"https:\/\/vectrum.eu\/index.php\/wp-json\/wp\/v2\/pages\/134","targetHints":{"allow":["GET"]}}],"collection":[{"href":"https:\/\/vectrum.eu\/index.php\/wp-json\/wp\/v2\/pages"}],"about":[{"href":"https:\/\/vectrum.eu\/index.php\/wp-json\/wp\/v2\/types\/page"}],"author":[{"embeddable":true,"href":"https:\/\/vectrum.eu\/index.php\/wp-json\/wp\/v2\/users\/1"}],"replies":[{"embeddable":true,"href":"https:\/\/vectrum.eu\/index.php\/wp-json\/wp\/v2\/comments?post=134"}],"version-history":[{"count":20,"href":"https:\/\/vectrum.eu\/index.php\/wp-json\/wp\/v2\/pages\/134\/revisions"}],"predecessor-version":[{"id":219,"href":"https:\/\/vectrum.eu\/index.php\/wp-json\/wp\/v2\/pages\/134\/revisions\/219"}],"wp:attachment":[{"href":"https:\/\/vectrum.eu\/index.php\/wp-json\/wp\/v2\/media?parent=134"}],"curies":[{"name":"wp","href":"https:\/\/api.w.org\/{rel}","templated":true}]}}